{"id":70096,"date":"2022-05-23T11:30:31","date_gmt":"2022-05-23T09:30:31","guid":{"rendered":"https:\/\/www.grupotot.com\/treballa-amb-nosaltres\/"},"modified":"2026-02-24T10:13:37","modified_gmt":"2026-02-24T09:13:37","slug":"treballa-amb-nosaltres","status":"publish","type":"page","link":"https:\/\/www.grupotot.com\/val\/treballa-amb-nosaltres\/","title":{"rendered":"Treballa amb nosaltres"},"content":{"rendered":"\t\t<div data-elementor-type=\"wp-page\" data-elementor-id=\"70096\" class=\"elementor elementor-70096 elementor-17558\" data-elementor-post-type=\"page\">\n\t\t\t\t<div class=\"elementor-element elementor-element-5da2b92 e-con-full e-flex e-con e-parent\" data-id=\"5da2b92\" data-element_type=\"container\" data-e-type=\"container\" data-settings=\"{&quot;background_background&quot;:&quot;classic&quot;,&quot;shape_divider_bottom&quot;:&quot;curve-asymmetrical&quot;,&quot;shape_divider_bottom_negative&quot;:&quot;yes&quot;}\">\n\t\t\t\t<div class=\"elementor-shape elementor-shape-bottom\" aria-hidden=\"true\" data-negative=\"true\">\n\t\t\t<svg xmlns=\"http:\/\/www.w3.org\/2000\/svg\" viewBox=\"0 0 1000 100\" preserveAspectRatio=\"none\">\n\t<path class=\"elementor-shape-fill\" d=\"M615.2,96.7C240.2,97.8,0,18.9,0,0v100h1000V0C1000,19.2,989.8,96,615.2,96.7z\"\/>\n<\/svg>\t\t<\/div>\n\t\t\t\t<div class=\"elementor-element elementor-element-f8504e4 elementor-widget elementor-widget-heading\" data-id=\"f8504e4\" data-element_type=\"widget\" data-e-type=\"widget\" data-widget_type=\"heading.default\">\n\t\t\t\t\t<h1 class=\"elementor-heading-title elementor-size-default\">T<span class=\"tot\">'<\/span>inte<span class=\"tot\">r<\/span>essa tre<span class=\"tot\">b<\/span>allar a<span class=\"tot\">m<\/span>b\nnos<span class=\"tot\">al<\/span>tres\n<\/h1>\t\t\t\t<\/div>\n\t\t\t\t<\/div>\n\t\t<div class=\"elementor-element elementor-element-14aabf4 e-flex e-con-boxed e-con e-parent\" data-id=\"14aabf4\" data-element_type=\"container\" data-e-type=\"container\" data-settings=\"{&quot;background_background&quot;:&quot;classic&quot;}\">\n\t\t\t\t\t<div class=\"e-con-inner\">\n\t\t<div class=\"elementor-element elementor-element-212fdf1 e-con-full e-flex e-con e-child\" data-id=\"212fdf1\" data-element_type=\"container\" data-e-type=\"container\">\n\t\t\t\t<div class=\"elementor-element elementor-element-ac8609c elementor-widget elementor-widget-text-editor\" data-id=\"ac8609c\" data-element_type=\"widget\" data-e-type=\"widget\" data-widget_type=\"text-editor.default\">\n\t\t\t\t\t\t\t\t\t<p>En Grup TOT creem que l\u2019educaci\u00f3 es construeix amb persones creatives, apassionades i amb vocaci\u00f3.<\/p><h3 data-renderer-start-pos=\"761\">Volem con\u00e9ixer-te!<\/h3><p data-renderer-start-pos=\"783\">Ompli este formulari i envia el teu CV.<\/p>\t\t\t\t\t\t\t\t<\/div>\n\t\t\t\t<div class=\"elementor-element elementor-element-4be914f elementor-button-align-stretch elementor-widget elementor-widget-form\" data-id=\"4be914f\" data-element_type=\"widget\" data-e-type=\"widget\" data-settings=\"{&quot;step_next_label&quot;:&quot;Next&quot;,&quot;step_previous_label&quot;:&quot;Previous&quot;,&quot;button_width&quot;:&quot;100&quot;,&quot;step_type&quot;:&quot;number_text&quot;,&quot;step_icon_shape&quot;:&quot;circle&quot;}\" data-widget_type=\"form.default\">\n\t\t\t\t\t\t\t<form class=\"elementor-form\" method=\"post\" id=\"bolsa_empleo_form\" name=\"Formulari de candidatura\" aria-label=\"Formulari de candidatura\">\n\t\t\t<input type=\"hidden\" name=\"post_id\" value=\"70096\"\/>\n\t\t\t<input type=\"hidden\" name=\"form_id\" value=\"4be914f\"\/>\n\t\t\t<input type=\"hidden\" name=\"referer_title\" value=\"\" \/>\n\n\t\t\t\n\t\t\t<div class=\"elementor-form-fields-wrapper elementor-labels-above\">\n\t\t\t\t\t\t\t\t<div class=\"elementor-field-type-text elementor-field-group elementor-column elementor-field-group-name elementor-col-100 elementor-field-required elementor-mark-required\">\n\t\t\t\t\t\t\t\t\t\t\t\t<label for=\"form-field-name\" class=\"elementor-field-label\">\n\t\t\t\t\t\t\t\tNom i cognoms\t\t\t\t\t\t\t<\/label>\n\t\t\t\t\t\t\t\t\t\t\t\t\t\t<input size=\"1\" type=\"text\" name=\"form_fields[name]\" id=\"form-field-name\" class=\"elementor-field elementor-size-sm  elementor-field-textual\" required=\"required\">\n\t\t\t\t\t\t\t\t\t\t\t<\/div>\n\t\t\t\t\t\t\t\t<div class=\"elementor-field-type-email elementor-field-group elementor-column elementor-field-group-email elementor-col-50 elementor-field-required elementor-mark-required\">\n\t\t\t\t\t\t\t\t\t\t\t\t<label for=\"form-field-email\" class=\"elementor-field-label\">\n\t\t\t\t\t\t\t\tCorreu electr\u00f2nic\t\t\t\t\t\t\t<\/label>\n\t\t\t\t\t\t\t\t\t\t\t\t\t\t<input size=\"1\" type=\"email\" name=\"form_fields[email]\" id=\"form-field-email\" class=\"elementor-field elementor-size-sm  elementor-field-textual\" placeholder=\"Email\" required=\"required\">\n\t\t\t\t\t\t\t\t\t\t\t<\/div>\n\t\t\t\t\t\t\t\t<div class=\"elementor-field-type-tel elementor-field-group elementor-column elementor-field-group-field_0f76335 elementor-col-50 elementor-field-required elementor-mark-required\">\n\t\t\t\t\t\t\t\t\t\t\t\t<label for=\"form-field-field_0f76335\" class=\"elementor-field-label\">\n\t\t\t\t\t\t\t\tTel\u00e8fon de contacte\t\t\t\t\t\t\t<\/label>\n\t\t\t\t\t\t\t\t<input size=\"1\" type=\"tel\" name=\"form_fields[field_0f76335]\" id=\"form-field-field_0f76335\" class=\"elementor-field elementor-size-sm  elementor-field-textual\" placeholder=\"N\u00famero de tel\u00e8fon\" required=\"required\" pattern=\"[0-9()#&amp;+*-=.]+\" title=\"Only numbers and phone characters (#, -, *, etc) are accepted.\">\n\n\t\t\t\t\t\t<\/div>\n\t\t\t\t\t\t\t\t<div class=\"elementor-field-type-text elementor-field-group elementor-column elementor-field-group-field_4502b09 elementor-col-100 elementor-field-required elementor-mark-required\">\n\t\t\t\t\t\t\t\t\t\t\t\t<label for=\"form-field-field_4502b09\" class=\"elementor-field-label\">\n\t\t\t\t\t\t\t\tTitulaci\u00f3 o formaci\u00f3 relacionada\t\t\t\t\t\t\t<\/label>\n\t\t\t\t\t\t\t\t\t\t\t\t\t\t<input size=\"1\" type=\"text\" name=\"form_fields[field_4502b09]\" id=\"form-field-field_4502b09\" class=\"elementor-field elementor-size-sm  elementor-field-textual\" required=\"required\">\n\t\t\t\t\t\t\t\t\t\t\t<\/div>\n\t\t\t\t\t\t\t\t<div class=\"elementor-field-type-text elementor-field-group elementor-column elementor-field-group-field_7898c64 elementor-col-100 elementor-field-required elementor-mark-required\">\n\t\t\t\t\t\t\t\t\t\t\t\t<label for=\"form-field-field_7898c64\" class=\"elementor-field-label\">\n\t\t\t\t\t\t\t\tEn quin municipi residixes actualment? \t\t\t\t\t\t\t<\/label>\n\t\t\t\t\t\t\t\t\t\t\t\t\t\t<input size=\"1\" type=\"text\" name=\"form_fields[field_7898c64]\" id=\"form-field-field_7898c64\" class=\"elementor-field elementor-size-sm  elementor-field-textual\" required=\"required\">\n\t\t\t\t\t\t\t\t\t\t\t<\/div>\n\t\t\t\t\t\t\t\t<div class=\"elementor-field-type-radio elementor-field-group elementor-column elementor-field-group-field_99d805a elementor-col-50 elementor-field-required elementor-mark-required\">\n\t\t\t\t\t\t\t\t\t\t\t\t<label for=\"form-field-field_99d805a\" class=\"elementor-field-label\">\n\t\t\t\t\t\t\t\tNivell de valenci\u00e0\t\t\t\t\t\t\t<\/label>\n\t\t\t\t\t\t<div class=\"elementor-field-subgroup  \"><span class=\"elementor-field-option\"><input type=\"radio\" value=\"basic \" id=\"form-field-field_99d805a-0\" name=\"form_fields[field_99d805a]\" required=\"required\"> <label for=\"form-field-field_99d805a-0\">B\u00e0sic<\/label><\/span><span class=\"elementor-field-option\"><input type=\"radio\" value=\"medio \" id=\"form-field-field_99d805a-1\" name=\"form_fields[field_99d805a]\" required=\"required\"> <label for=\"form-field-field_99d805a-1\">Mitj\u00e0<\/label><\/span><span class=\"elementor-field-option\"><input type=\"radio\" value=\"alto\" id=\"form-field-field_99d805a-2\" name=\"form_fields[field_99d805a]\" required=\"required\"> <label for=\"form-field-field_99d805a-2\">Alt<\/label><\/span><span class=\"elementor-field-option\"><input type=\"radio\" value=\"nativoc1c2\" id=\"form-field-field_99d805a-3\" name=\"form_fields[field_99d805a]\" required=\"required\"> <label for=\"form-field-field_99d805a-3\">Nadiu \/ C1-C2<\/label><\/span><\/div>\t\t\t\t<\/div>\n\t\t\t\t\t\t\t\t<div class=\"elementor-field-type-radio elementor-field-group elementor-column elementor-field-group-field_0f4397a elementor-col-50 elementor-field-required elementor-mark-required\">\n\t\t\t\t\t\t\t\t\t\t\t\t<label for=\"form-field-field_0f4397a\" class=\"elementor-field-label\">\n\t\t\t\t\t\t\t\tNivell d\u2019angl\u00e9s\t\t\t\t\t\t\t<\/label>\n\t\t\t\t\t\t<div class=\"elementor-field-subgroup  \"><span class=\"elementor-field-option\"><input type=\"radio\" value=\"basic \" id=\"form-field-field_0f4397a-0\" name=\"form_fields[field_0f4397a]\" required=\"required\"> <label for=\"form-field-field_0f4397a-0\">B\u00e0sic<\/label><\/span><span class=\"elementor-field-option\"><input type=\"radio\" value=\"medio \" id=\"form-field-field_0f4397a-1\" name=\"form_fields[field_0f4397a]\" required=\"required\"> <label for=\"form-field-field_0f4397a-1\">Mitj\u00e0<\/label><\/span><span class=\"elementor-field-option\"><input type=\"radio\" value=\"alto\" id=\"form-field-field_0f4397a-2\" name=\"form_fields[field_0f4397a]\" required=\"required\"> <label for=\"form-field-field_0f4397a-2\">Alt<\/label><\/span><span class=\"elementor-field-option\"><input type=\"radio\" value=\"nativoc1c2\" id=\"form-field-field_0f4397a-3\" name=\"form_fields[field_0f4397a]\" required=\"required\"> <label for=\"form-field-field_0f4397a-3\">Nadiu \/ C1-C2<\/label><\/span><\/div>\t\t\t\t<\/div>\n\t\t\t\t\t\t\t\t<div class=\"elementor-field-type-radio elementor-field-group elementor-column elementor-field-group-field_4e2217b elementor-col-50 elementor-field-required elementor-mark-required\">\n\t\t\t\t\t\t\t\t\t\t\t\t<label for=\"form-field-field_4e2217b\" class=\"elementor-field-label\">\n\t\t\t\t\t\t\t\tCarnet de conduir\t\t\t\t\t\t\t<\/label>\n\t\t\t\t\t\t<div class=\"elementor-field-subgroup  \"><span class=\"elementor-field-option\"><input type=\"radio\" value=\"Si\" id=\"form-field-field_4e2217b-0\" name=\"form_fields[field_4e2217b]\" required=\"required\"> <label for=\"form-field-field_4e2217b-0\">Si<\/label><\/span><span class=\"elementor-field-option\"><input type=\"radio\" value=\"No\" id=\"form-field-field_4e2217b-1\" name=\"form_fields[field_4e2217b]\" required=\"required\"> <label for=\"form-field-field_4e2217b-1\">No<\/label><\/span><\/div>\t\t\t\t<\/div>\n\t\t\t\t\t\t\t\t<div class=\"elementor-field-type-radio elementor-field-group elementor-column elementor-field-group-field_d584cd2 elementor-col-50 elementor-field-required elementor-mark-required\">\n\t\t\t\t\t\t\t\t\t\t\t\t<label for=\"form-field-field_d584cd2\" class=\"elementor-field-label\">\n\t\t\t\t\t\t\t\tVehicle propi\t\t\t\t\t\t\t<\/label>\n\t\t\t\t\t\t<div class=\"elementor-field-subgroup  \"><span class=\"elementor-field-option\"><input type=\"radio\" value=\"Si\" id=\"form-field-field_d584cd2-0\" name=\"form_fields[field_d584cd2]\" required=\"required\"> <label for=\"form-field-field_d584cd2-0\">Si<\/label><\/span><span class=\"elementor-field-option\"><input type=\"radio\" value=\"No\" id=\"form-field-field_d584cd2-1\" name=\"form_fields[field_d584cd2]\" required=\"required\"> <label for=\"form-field-field_d584cd2-1\">No<\/label><\/span><\/div>\t\t\t\t<\/div>\n\t\t\t\t\t\t\t\t<div class=\"elementor-field-type-radio elementor-field-group elementor-column elementor-field-group-field_95f1321 elementor-col-100 elementor-field-required elementor-mark-required\">\n\t\t\t\t\t\t\t\t\t\t\t\t<label for=\"form-field-field_95f1321\" class=\"elementor-field-label\">\n\t\t\t\t\t\t\t\tDisponibilidad\t\t\t\t\t\t\t<\/label>\n\t\t\t\t\t\t<div class=\"elementor-field-subgroup  elementor-subgroup-inline\"><span class=\"elementor-field-option\"><input type=\"radio\" value=\"Manana \" id=\"form-field-field_95f1321-0\" name=\"form_fields[field_95f1321]\" required=\"required\"> <label for=\"form-field-field_95f1321-0\">Matins<\/label><\/span><span class=\"elementor-field-option\"><input type=\"radio\" value=\"Migdies Vesprades\" id=\"form-field-field_95f1321-1\" name=\"form_fields[field_95f1321]\" required=\"required\"> <label for=\"form-field-field_95f1321-1\">Migdies<\/label><\/span><span class=\"elementor-field-option\"><input type=\"radio\" value=\"tardes\" id=\"form-field-field_95f1321-2\" name=\"form_fields[field_95f1321]\" required=\"required\"> <label for=\"form-field-field_95f1321-2\">Tardes<\/label><\/span><span class=\"elementor-field-option\"><input type=\"radio\" value=\"Findes\" id=\"form-field-field_95f1321-3\" name=\"form_fields[field_95f1321]\" required=\"required\"> <label for=\"form-field-field_95f1321-3\">Caps de setmana<\/label><\/span><span class=\"elementor-field-option\"><input type=\"radio\" value=\"vacacionales\" id=\"form-field-field_95f1321-4\" name=\"form_fields[field_95f1321]\" required=\"required\"> <label for=\"form-field-field_95f1321-4\">Per\u00edodes vacacionals<\/label><\/span><span class=\"elementor-field-option\"><input type=\"radio\" value=\"completa\" id=\"form-field-field_95f1321-5\" name=\"form_fields[field_95f1321]\" required=\"required\"> <label for=\"form-field-field_95f1321-5\">Completa<\/label><\/span><\/div>\t\t\t\t<\/div>\n\t\t\t\t\t\t\t\t<div class=\"elementor-field-type-textarea elementor-field-group elementor-column elementor-field-group-field_0fb0660 elementor-col-100 elementor-field-required elementor-mark-required\">\n\t\t\t\t\t\t\t\t\t\t\t\t<label for=\"form-field-field_0fb0660\" class=\"elementor-field-label\">\n\t\t\t\t\t\t\t\tBreu introducci\u00f3\t\t\t\t\t\t\t<\/label>\n\t\t\t\t\t\t<textarea class=\"elementor-field-textual elementor-field  elementor-size-sm\" name=\"form_fields[field_0fb0660]\" id=\"form-field-field_0fb0660\" rows=\"3\" required=\"required\"><\/textarea>\t\t\t\t<\/div>\n\t\t\t\t\t\t\t\t<div class=\"elementor-field-type-upload elementor-field-group elementor-column elementor-field-group-field_3454338 elementor-col-100 elementor-field-required elementor-mark-required\">\n\t\t\t\t\t\t\t\t\t\t\t\t<label for=\"form-field-field_3454338\" class=\"elementor-field-label\">\n\t\t\t\t\t\t\t\tCV en format PDF\t\t\t\t\t\t\t<\/label>\n\t\t\t\t\t\t\t\t<input type=\"file\" name=\"form_fields[field_3454338]\" id=\"form-field-field_3454338\" class=\"elementor-field elementor-size-sm  elementor-upload-field\" required=\"required\" data-maxsize=\"10\" data-maxsize-message=\"This file exceeds the maximum allowed size.\">\n\n\t\t\t\t\t\t<\/div>\n\t\t\t\t\t\t\t\t<div class=\"elementor-field-type-acceptance elementor-field-group elementor-column elementor-field-group-field_626c075 elementor-col-100 elementor-field-required elementor-mark-required\">\n\t\t\t\t\t\t\t<div class=\"elementor-field-subgroup\">\n\t\t\t<span class=\"elementor-field-option\">\n\t\t\t\t<input type=\"checkbox\" name=\"form_fields[field_626c075]\" id=\"form-field-field_626c075\" class=\"elementor-field elementor-size-sm  elementor-acceptance-field\" required=\"required\">\n\t\t\t\t<label for=\"form-field-field_626c075\">Declare haver llegit i acceptat la <a href=\"https:\/\/grupotot.com\/politica-de-privacidad\/\" target=\"_blank\">pol\u00edtica de privacitat<\/a><\/label>\t\t\t<\/span>\n\t\t<\/div>\n\t\t\t\t\t\t<\/div>\n\t\t\t\t\t\t\t\t<div class=\"elementor-field-group elementor-column elementor-field-type-submit elementor-col-100 e-form__buttons\">\n\t\t\t\t\t<button class=\"elementor-button elementor-size-sm\" type=\"submit\">\n\t\t\t\t\t\t<span class=\"elementor-button-content-wrapper\">\n\t\t\t\t\t\t\t\t\t\t\t\t\t\t\t\t\t\t\t\t\t\t<span class=\"elementor-button-text\">Enviar<\/span>\n\t\t\t\t\t\t\t\t\t\t\t\t\t<\/span>\n\t\t\t\t\t<\/button>\n\t\t\t\t<\/div>\n\t\t\t<\/div>\n\t\t<\/form>\n\t\t\t\t\t\t<\/div>\n\t\t\t\t<\/div>\n\t\t\t\t\t<\/div>\n\t\t\t\t<\/div>\n\t\t\t\t<\/div>\n\t\t","protected":false},"excerpt":{"rendered":"<p>T&#8217;interessa treballar amb nosaltres En Grup TOT creem que l\u2019educaci\u00f3 es construeix amb persones creatives, apassionades i amb vocaci\u00f3. Volem con\u00e9ixer-te! Ompli este formulari i envia el teu CV.<\/p>\n","protected":false},"author":5,"featured_media":0,"parent":0,"menu_order":0,"comment_status":"closed","ping_status":"closed","template":"elementor_header_footer","meta":{"ocean_post_layout":"","ocean_both_sidebars_style":"","ocean_both_sidebars_content_width":0,"ocean_both_sidebars_sidebars_width":0,"ocean_sidebar":"","ocean_second_sidebar":"","ocean_disable_margins":"enable","ocean_add_body_class":"","ocean_shortcode_before_top_bar":"","ocean_shortcode_after_top_bar":"","ocean_shortcode_before_header":"","ocean_shortcode_after_header":"","ocean_has_shortcode":"","ocean_shortcode_after_title":"","ocean_shortcode_before_footer_widgets":"","ocean_shortcode_after_footer_widgets":"","ocean_shortcode_before_footer_bottom":"","ocean_shortcode_after_footer_bottom":"","ocean_display_top_bar":"default","ocean_display_header":"default","ocean_header_style":"","ocean_center_header_left_menu":"","ocean_custom_header_template":"","ocean_custom_logo":0,"ocean_custom_retina_logo":0,"ocean_custom_logo_max_width":0,"ocean_custom_logo_tablet_max_width":0,"ocean_custom_logo_mobile_max_width":0,"ocean_custom_logo_max_height":0,"ocean_custom_logo_tablet_max_height":0,"ocean_custom_logo_mobile_max_height":0,"ocean_header_custom_menu":"","ocean_menu_typo_font_family":"","ocean_menu_typo_font_subset":"","ocean_menu_typo_font_size":0,"ocean_menu_typo_font_size_tablet":0,"ocean_menu_typo_font_size_mobile":0,"ocean_menu_typo_font_size_unit":"px","ocean_menu_typo_font_weight":"","ocean_menu_typo_font_weight_tablet":"","ocean_menu_typo_font_weight_mobile":"","ocean_menu_typo_transform":"","ocean_menu_typo_transform_tablet":"","ocean_menu_typo_transform_mobile":"","ocean_menu_typo_line_height":0,"ocean_menu_typo_line_height_tablet":0,"ocean_menu_typo_line_height_mobile":0,"ocean_menu_typo_line_height_unit":"","ocean_menu_typo_spacing":0,"ocean_menu_typo_spacing_tablet":0,"ocean_menu_typo_spacing_mobile":0,"ocean_menu_typo_spacing_unit":"","ocean_menu_link_color":"","ocean_menu_link_color_hover":"","ocean_menu_link_color_active":"","ocean_menu_link_background":"","ocean_menu_link_hover_background":"","ocean_menu_link_active_background":"","ocean_menu_social_links_bg":"","ocean_menu_social_hover_links_bg":"","ocean_menu_social_links_color":"","ocean_menu_social_hover_links_color":"","ocean_disable_title":"on","ocean_disable_heading":"default","ocean_post_title":"","ocean_post_subheading":"","ocean_post_title_style":"","ocean_post_title_background_color":"","ocean_post_title_background":0,"ocean_post_title_bg_image_position":"","ocean_post_title_bg_image_attachment":"","ocean_post_title_bg_image_repeat":"","ocean_post_title_bg_image_size":"","ocean_post_title_height":0,"ocean_post_title_bg_overlay":0.5,"ocean_post_title_bg_overlay_color":"","ocean_disable_breadcrumbs":"default","ocean_breadcrumbs_color":"","ocean_breadcrumbs_separator_color":"","ocean_breadcrumbs_links_color":"","ocean_breadcrumbs_links_hover_color":"","ocean_display_footer_widgets":"default","ocean_display_footer_bottom":"default","ocean_custom_footer_template":"","footnotes":""},"class_list":["post-70096","page","type-page","status-publish","hentry","entry","owp-thumbs-layout-horizontal","owp-btn-normal","owp-tabs-layout-horizontal","has-no-thumbnails","has-product-nav"],"_links":{"self":[{"href":"https:\/\/www.grupotot.com\/val\/wp-json\/wp\/v2\/pages\/70096","targetHints":{"allow":["GET"]}}],"collection":[{"href":"https:\/\/www.grupotot.com\/val\/wp-json\/wp\/v2\/pages"}],"about":[{"href":"https:\/\/www.grupotot.com\/val\/wp-json\/wp\/v2\/types\/page"}],"author":[{"embeddable":true,"href":"https:\/\/www.grupotot.com\/val\/wp-json\/wp\/v2\/users\/5"}],"replies":[{"embeddable":true,"href":"https:\/\/www.grupotot.com\/val\/wp-json\/wp\/v2\/comments?post=70096"}],"version-history":[{"count":4,"href":"https:\/\/www.grupotot.com\/val\/wp-json\/wp\/v2\/pages\/70096\/revisions"}],"predecessor-version":[{"id":70474,"href":"https:\/\/www.grupotot.com\/val\/wp-json\/wp\/v2\/pages\/70096\/revisions\/70474"}],"wp:attachment":[{"href":"https:\/\/www.grupotot.com\/val\/wp-json\/wp\/v2\/media?parent=70096"}],"curies":[{"name":"wp","href":"https:\/\/api.w.org\/{rel}","templated":true}]}}