{"id":70110,"date":"2025-12-02T16:12:50","date_gmt":"2025-12-02T15:12:50","guid":{"rendered":"https:\/\/www.grupotot.com\/avis-legal\/"},"modified":"2025-12-15T16:27:03","modified_gmt":"2025-12-15T15:27:03","slug":"avis-legal","status":"publish","type":"page","link":"https:\/\/www.grupotot.com\/val\/avis-legal\/","title":{"rendered":"AV\u00cdS LEGAL"},"content":{"rendered":"\n<p>En compliment de la Llei 34\/2002, d&#8217;11 de Juliol, de Serveis de la Societat de la Informaci\u00f3 i del Comer\u00e7 Electr\u00f2nic li comuniquem la seg\u00fcent informaci\u00f3:<br\/><\/p>\n\n<p>Titular d&#8217;aquest lloc:<\/p>\n\n<p><strong>TOT ANIMACI\u00d3, S.L.<\/strong><\/p>\n\n<p>Avinguda Rei Jaume I, 10. Catarroja (46470) Val\u00e8ncia<\/p>\n\n<p>CIF: <strong>B-97267637<\/strong><\/p>\n\n<p>Telf.: <strong>961273520<\/strong><\/p>\n\n<p>e-mail: <a href=\"mailto:info@grupotot.com\">info@grupotot.com<\/a> <\/p>\n\n<p><strong>Inscrita en el Registre Mercantil de Val\u00e8ncia: Tom ______, Foli ___, Llibre _______, Secci\u00f3 ___, Fulla, V-_________, Inscripci\u00f3 ___.<\/strong><\/p>\n\n<p>La utilitzaci\u00f3 del contingut i\/o serveis del portal per part de l&#8217;usuari suposa l&#8217;acceptaci\u00f3 expressa de les seg\u00fcents condicions:<\/p>\n\n<p><strong>Condicions d&#8217;\u00fas del portal<\/strong><\/p>\n\n<p>TOT ANIMACI\u00d3, S.L. es reserva el dret d&#8217;efectuar modificacions en el contingut d&#8217;aquest portal sense previ av\u00eds, aix\u00ed com de la seua configuraci\u00f3 i presentaci\u00f3. Aquest portal pot contindre enlla\u00e7os a p\u00e0gines externes, no sent responsable del contingut d&#8217;aquestes p\u00e0gines externes ni de qualsevol altre aspecte relacionat amb aquestes.<br\/> <\/p>\n\n<p>Els textos, imatges, logotips i resta de continguts inclosos en aquest portal s\u00f3n propietat de <strong>TOT ANIMACI\u00d3, S.L.<\/strong> Queda prohibida la transmissi\u00f3, distribuci\u00f3, reproducci\u00f3 o emmagatzematge, total o parcial, excepte si s&#8217;obt\u00e9 el previ consentiment de <strong>TOT ANIMACI\u00d3, S.L<\/strong>., i excepte quan s&#8217;indique el contrari.<\/p>\n\n<p>Per a poder instal\u00b7lar o utilitzar qualsevol programari que es trobe disponible per a la seua desc\u00e0rrega des d&#8217;aquest portal, han d&#8217;acceptar-se pr\u00e8viament els termes del contracte de llic\u00e8ncia, si n&#8217;hi haguera, que acompanye o s&#8217;incloga en el programari. no es fa responsable dels possibles danys que es pogueren produir pel fet d&#8217;utilitzar versions no actualitzades de navegadors, o de les conseq\u00fc\u00e8ncies que es pogueren derivar del mal funcionament del navegador, ja siga per configuraci\u00f3 inadequada, pres\u00e8ncia de virus inform\u00e0tics o qualsevol altra causa aliena a <strong>TOT ANIMACI\u00d3, S.L.<\/strong> <\/p>\n\n<p><strong>Protecci\u00f3 de dades de car\u00e0cter personal<\/strong><\/p>\n\n<p>En compliment de la Llei org\u00e0nica 3\/2018, de 5 de desembre, de Protecci\u00f3 de Dades Personals i garantia dels drets digitals, TOT ANIMACI\u00d3, S.L. l&#8217;informa que les dades de car\u00e0cter personal que ens proporcione en emplenar algun formulari d&#8217;inscripci\u00f3, sol\u00b7licitud o consulta que aparega en la present Web, seran objecte de tractament i recollits en un tractament de dades (denominat \u201cUSUARIS WEB\u201d) el responsable dels quals \u00e9s TOT ANIMACI\u00d3, S.L.<\/p>\n\n<p><br\/>Per a exercir els seus drets d&#8217;acc\u00e9s, rectificaci\u00f3, oposici\u00f3, supressi\u00f3, portabilitat i limitaci\u00f3 al tractament de les seues dades personals, en els termes i condicions previstes en la pr\u00f2pia normativa vigent en mat\u00e8ria de protecci\u00f3 de dades, pot comunicar-lo per escrit a TOT ANIMACI\u00d3, S.L., Avinguda Rei Jaume I, 10. Catarroja (46470) Val\u00e8ncia<\/p>\n\n<p>La recollida de les seues dades de car\u00e0cter personal es duu a terme amb la finalitat principal de poder oferir i prestar-li els serveis oferits en la present web.<\/p>\n\n<p>TOT ANIMACI\u00d3, S.L. far\u00e0 \u00fas de les dades de car\u00e0cter personal facilitats per vost\u00e9 exclusivament per a les finalitats indicades. <\/p>\n\n<p>No compartim la informaci\u00f3 subministrada amb tercers excepte exig\u00e8ncia legal o de procediments legals, i en cap cas, venem aquest tipus d&#8217;informaci\u00f3.<\/p>\n\n<p>TOT ANIMACI\u00d3, S.L. l&#8217;informa que t\u00e9 implantades les mesures de seguretat d&#8217;\u00edndole t\u00e8cnica i organitzatives necess\u00e0ries que garantisquen la seguretat de les seues dades de car\u00e0cter personal i eviten la seua alteraci\u00f3, p\u00e8rdua, tractament i\/o acc\u00e9s no autoritzat, segons el que es disposa en la Llei org\u00e0nica 3\/2018, de 5 de desembre, de Protecci\u00f3 de Dades Personals i garantia dels drets digitals.<\/p>\n\n<p><strong>Legislaci\u00f3 aplicable i jurisdicci\u00f3<\/strong><\/p>\n\n<p>Aquest Av\u00eds Legal es regeix en tots i cadascun dels seus extrems per la llei espanyola, sent competents per a la resoluci\u00f3 de qualsevol conflicte derivat o relacionat amb l&#8217;\u00fas d&#8217;aquest portal els Jutjats i Tribunals de Val\u00e8ncia.<\/p>\n","protected":false},"excerpt":{"rendered":"<p>En compliment de la Llei 34\/2002, d&#8217;11 de Juliol, de Serveis de la Societat de la Informaci\u00f3 i del Comer\u00e7 Electr\u00f2nic li comuniquem la seg\u00fcent informaci\u00f3: Titular d&#8217;aquest lloc: TOT ANIMACI\u00d3, S.L. Avinguda Rei Jaume I, 10. Catarroja (46470) Val\u00e8ncia CIF: B-97267637 Telf.: 961273520 e-mail: info@grupotot.com Inscrita en el Registre Mercantil de Val\u00e8ncia: Tom ______, [&hellip;]<\/p>\n","protected":false},"author":8,"featured_media":0,"parent":0,"menu_order":0,"comment_status":"closed","ping_status":"closed","template":"elementor_theme","meta":{"ocean_post_layout":"","ocean_both_sidebars_style":"","ocean_both_sidebars_content_width":0,"ocean_both_sidebars_sidebars_width":0,"ocean_sidebar":"","ocean_second_sidebar":"","ocean_disable_margins":"enable","ocean_add_body_class":"","ocean_shortcode_before_top_bar":"","ocean_shortcode_after_top_bar":"","ocean_shortcode_before_header":"","ocean_shortcode_after_header":"","ocean_has_shortcode":"","ocean_shortcode_after_title":"","ocean_shortcode_before_footer_widgets":"","ocean_shortcode_after_footer_widgets":"","ocean_shortcode_before_footer_bottom":"","ocean_shortcode_after_footer_bottom":"","ocean_display_top_bar":"default","ocean_display_header":"default","ocean_header_style":"","ocean_center_header_left_menu":"","ocean_custom_header_template":"","ocean_custom_logo":0,"ocean_custom_retina_logo":0,"ocean_custom_logo_max_width":0,"ocean_custom_logo_tablet_max_width":0,"ocean_custom_logo_mobile_max_width":0,"ocean_custom_logo_max_height":0,"ocean_custom_logo_tablet_max_height":0,"ocean_custom_logo_mobile_max_height":0,"ocean_header_custom_menu":"","ocean_menu_typo_font_family":"","ocean_menu_typo_font_subset":"","ocean_menu_typo_font_size":0,"ocean_menu_typo_font_size_tablet":0,"ocean_menu_typo_font_size_mobile":0,"ocean_menu_typo_font_size_unit":"px","ocean_menu_typo_font_weight":"","ocean_menu_typo_font_weight_tablet":"","ocean_menu_typo_font_weight_mobile":"","ocean_menu_typo_transform":"","ocean_menu_typo_transform_tablet":"","ocean_menu_typo_transform_mobile":"","ocean_menu_typo_line_height":0,"ocean_menu_typo_line_height_tablet":0,"ocean_menu_typo_line_height_mobile":0,"ocean_menu_typo_line_height_unit":"","ocean_menu_typo_spacing":0,"ocean_menu_typo_spacing_tablet":0,"ocean_menu_typo_spacing_mobile":0,"ocean_menu_typo_spacing_unit":"","ocean_menu_link_color":"","ocean_menu_link_color_hover":"","ocean_menu_link_color_active":"","ocean_menu_link_background":"","ocean_menu_link_hover_background":"","ocean_menu_link_active_background":"","ocean_menu_social_links_bg":"","ocean_menu_social_hover_links_bg":"","ocean_menu_social_links_color":"","ocean_menu_social_hover_links_color":"","ocean_disable_title":"enable","ocean_disable_heading":"default","ocean_post_title":"","ocean_post_subheading":"","ocean_post_title_style":"","ocean_post_title_background_color":"","ocean_post_title_background":0,"ocean_post_title_bg_image_position":"","ocean_post_title_bg_image_attachment":"","ocean_post_title_bg_image_repeat":"","ocean_post_title_bg_image_size":"","ocean_post_title_height":0,"ocean_post_title_bg_overlay":0.5,"ocean_post_title_bg_overlay_color":"","ocean_disable_breadcrumbs":"default","ocean_breadcrumbs_color":"","ocean_breadcrumbs_separator_color":"","ocean_breadcrumbs_links_color":"","ocean_breadcrumbs_links_hover_color":"","ocean_display_footer_widgets":"default","ocean_display_footer_bottom":"default","ocean_custom_footer_template":"","footnotes":""},"class_list":["post-70110","page","type-page","status-publish","hentry","entry","owp-thumbs-layout-horizontal","owp-btn-normal","owp-tabs-layout-horizontal","has-no-thumbnails","has-product-nav"],"_links":{"self":[{"href":"https:\/\/www.grupotot.com\/val\/wp-json\/wp\/v2\/pages\/70110","targetHints":{"allow":["GET"]}}],"collection":[{"href":"https:\/\/www.grupotot.com\/val\/wp-json\/wp\/v2\/pages"}],"about":[{"href":"https:\/\/www.grupotot.com\/val\/wp-json\/wp\/v2\/types\/page"}],"author":[{"embeddable":true,"href":"https:\/\/www.grupotot.com\/val\/wp-json\/wp\/v2\/users\/8"}],"replies":[{"embeddable":true,"href":"https:\/\/www.grupotot.com\/val\/wp-json\/wp\/v2\/comments?post=70110"}],"version-history":[{"count":1,"href":"https:\/\/www.grupotot.com\/val\/wp-json\/wp\/v2\/pages\/70110\/revisions"}],"predecessor-version":[{"id":70111,"href":"https:\/\/www.grupotot.com\/val\/wp-json\/wp\/v2\/pages\/70110\/revisions\/70111"}],"wp:attachment":[{"href":"https:\/\/www.grupotot.com\/val\/wp-json\/wp\/v2\/media?parent=70110"}],"curies":[{"name":"wp","href":"https:\/\/api.w.org\/{rel}","templated":true}]}}