{"id":70112,"date":"2022-05-26T16:14:55","date_gmt":"2022-05-26T14:14:55","guid":{"rendered":"https:\/\/www.grupotot.com\/politica-de-privacitat\/"},"modified":"2025-12-15T16:35:11","modified_gmt":"2025-12-15T15:35:11","slug":"politica-de-privacitat","status":"publish","type":"page","link":"https:\/\/www.grupotot.com\/val\/politica-de-privacitat\/","title":{"rendered":"Pol\u00edtica de Privacitat"},"content":{"rendered":"\n<p><strong>Pol\u00edtica de Protecci\u00f3 de Dades de Car\u00e0cter Personal<\/strong><\/p>\n\n<p>El titular de la web i responsable del tractament, TOT ANIMACI\u00d3, S.L. amb domicili en Avinguda Rei Jaume I, 10, Catarroja (46470) Val\u00e8ncia, i CIF: B-97267637 \u00e9s el titular del Portal i el posa a la disposici\u00f3 dels usuaris d&#8217;Internet, amb la fi tanta de proporcionar informaci\u00f3 sobre els serveis que presta TOT ANIMACI\u00d3, S.L., aix\u00ed com el de permetre la prestaci\u00f3 de serveis a trav\u00e9s del Portal.<\/p>\n\n<p><strong>Dades de Contacte<\/strong><\/p>\n\n<p>Tel\u00e8fon de contacte: 961273520<\/p>\n\n<p>Per a qualsevol gesti\u00f3 o sol\u00b7licitud respecte a la privacitat de TOT ANIMACI\u00d3, S.L., l&#8217;usuari podr\u00e0 dirigir-se a la nostra adre\u00e7a de correu electr\u00f2nic a <a href=\"mailto:info@grupotot.com\">info@grupotot.com<\/a> <\/p>\n\n<p><strong>1.- Finalitat. Amb quines finalitats tractem les seues dades?<\/strong><\/p>\n\n<p>TOT ANIMACI\u00d3, S.L. informa l&#8217;Usuari de l&#8217;exist\u00e8ncia d&#8217;un tractament de dades de car\u00e0cter personal (tractament denominat \u201cUSUARIS WEB\u201d) creat amb les dades obtingudes en la p\u00e0gina web per i per a TOT ANIMACI\u00d3, S.L. i sota la seua responsabilitat. <\/p>\n\n<p>Aquest tractament ha sigut creat amb la finalitat de facilitar informaci\u00f3 sobre la prestaci\u00f3 dels serveis oferits pel Portal, aix\u00ed com atendre i gestionar les consultes realitzades pels usuaris a trav\u00e9s d&#8217;aquesta via.<\/p>\n\n<ul class=\"wp-block-list\">\n<li>Els terminis de conservaci\u00f3 de les dades que els usuaris ens proporcionen a trav\u00e9s dels formularis presents en la web s\u00f3n els seg\u00fcents:\n<ul class=\"wp-block-list\">\n<li>En el cas de consultes: Una vegada contestada la consulta, l&#8217;any en curs<\/li>\n\n\n\n<li>En el cas de contractar algun dels nostres serveis: Mentre dure la relaci\u00f3 contractual<\/li>\n<\/ul>\n<\/li>\n<\/ul>\n\n<p> <strong>2.- Legitimaci\u00f3. Quina \u00e9s la legitimaci\u00f3 per al tractament de les seues dades?<\/strong><\/p>\n\n<p>La base legal per al tractament de les dades personals dels usuaris \u00e9s el propi consentiment de l&#8217;interessat.<\/p>\n\n<p>Aix\u00ed mateix, l&#8217;oferta prospectiva de serveis est\u00e0 basada en el consentiment que se sol\u00b7licita a l&#8217;usuari sense que cap cas la retirada d&#8217;aquest consentiment condicione l&#8217;execuci\u00f3 d&#8217;altres finalitats.<\/p>\n\n<p>L&#8217;usuari no t\u00e9 l&#8217;obligaci\u00f3 de facilitar-nos les seues dades personals, per\u00f2 en cas de no facilitar-nos les dades m\u00ednimes sol\u00b7licitades, no es podran dur a terme les operacions que s&#8217;ofereixen en l\u00ednia en la nostra web, com ara atendre les consultes, contactar, deixar un comentari, participar i\/o accedir a segons quins apartats de la web.<\/p>\n\n<p>A m\u00e9s, informem que l&#8217;usuari podr\u00e0 revocar el consentiment per a la recollida i tractament de les seues dades personals en qualsevol moment, mitjan\u00e7ant el procediment que establim per a aix\u00f2, sense que aix\u00f2 afecte la licitud del tractament basat en el consentiment previ a la seua retirada.<\/p>\n\n<p><strong>3.- Destinataris. A quins destinataris es comunicaran les seues dades?<\/strong><\/p>\n\n<p>Les dades que s&#8217;arrepleguen en aquesta web mitjan\u00e7ant els formularis corresponents no seran cedits a tercers i \u00fanicament podran ser objecte de comunicaci\u00f3 a altres empreses que exerceixen d&#8217;encarregats del tractament de dades personals, i que nom\u00e9s tractaran les dades conforme a les estrictes indicacions que TOT ANIMACI\u00d3, S.L. estableix amb aquests encarregats. En tot cas les dades seran comunicades dins de l&#8217;espai de la Uni\u00f3 Europea i nom\u00e9s per als fins anteriorment indicats. <\/p>\n\n<p><strong>4.- Drets. Quins s\u00f3n els seus drets quan ens facilita les seues dades?<\/strong><\/p>\n\n<p>Als usuaris de la web titularitat de TOT ANIMACI\u00d3, S.L. se&#8217;ls garanteix els drets que s&#8217;estableixen en la legislaci\u00f3 en mat\u00e8ria de Protecci\u00f3 de Dades Personals:<\/p>\n\n<p>En primer lloc, l&#8217;usuari t\u00e9 dret a obtindre una confirmaci\u00f3 sobre si en TOT ANIMACI\u00d3, S.L. s&#8217;estan tractant dades personals que el concernisquen o no.<\/p>\n\n<p>Els usuaris tindran dret a accedir a les seues dades personals, aix\u00ed com a sol\u00b7licitar la rectificaci\u00f3 de les dades que siguen inexactes o, si \u00e9s el cas, sol\u00b7licitar la seua supressi\u00f3, oposici\u00f3 o limitaci\u00f3 quan, entre altres motius, les dades ja no siguen necessaris per als fins que van ser arreplegats, aix\u00ed com la portabilitat per a facilitar les seues dades personals a un nou responsable.<\/p>\n\n<p>Els usuaris tenen dret a oposar-se al tractament de les seues dades personals, per la qual cosa TOT ANIMACI\u00d3, S.L. deixar\u00e0 de tractar les seues dades, excepte si existeixen motius leg\u00edtims, imperiosos, o l&#8217;exercici o la defensa de possibles reclamacions.<\/p>\n\n<p>Els usuaris tenen la facultat de sol\u00b7licitar a TOT ANIMACI\u00d3, S.L. que limite els tractaments de les seues dades personals quan es complisquen els requisits que el Reglament UE 2016\/679 i la Llei org\u00e0nica 3\/2018, de 5 de desembre, de Protecci\u00f3 de Dades Personals i garantia dels drets digitals exigeixen.<\/p>\n\n<p>TOT ANIMACI\u00d3, S.L. l&#8217;informa que t\u00e9 implantades les mesures de seguretat d&#8217;\u00edndole t\u00e8cnica i organitzatives necess\u00e0ries que garantisquen la seguretat de les seues dades de car\u00e0cter personal i eviten la seua alteraci\u00f3, p\u00e8rdua, tractament i\/o acc\u00e9s no autoritzat, segons el que es disposa en el RGPD 2016\/679 de 27 d&#8217;abril de 2016 i la Llei org\u00e0nica 3\/2018, de 5 de desembre, de Protecci\u00f3 de Dades Personals i garantia dels drets digitals.<\/p>\n\n<p>Finalment, informem que qualsevol interessat podr\u00e0 presentar una reclamaci\u00f3 davant l&#8217;Ag\u00e8ncia Espanyola de Protecci\u00f3 de Dades, especialment quan no haja obtingut satisfacci\u00f3 en l&#8217;exercici dels seus drets.<\/p>\n\n<p>En el seg\u00fcent link obtindr\u00e0 m\u00e9s informaci\u00f3 sobre les reclamacions davant l&#8217;Ag\u00e8ncia Espanyola de Protecci\u00f3 de Dades:<\/p>\n\n<figure class=\"wp-block-embed\"><div class=\"wp-block-embed__wrapper\">\nhttps:\/\/sedeagpd.gob.es\/sede-electronica-web\/vistas\/infoSede\/tramitesCiudadano.jsf\n<\/div><\/figure>\n\n<p><strong>5.-Comunicacions Comercials<\/strong><\/p>\n\n<p>TOT ANIMACI\u00d3, S.L. podr\u00e0 enviar comunicacions comercials per qualsevol mitj\u00e0 amb ple respecte a la legislaci\u00f3 que en mat\u00e8ria de protecci\u00f3 de dades personals es trobe vigent.<\/p>\n\n<p>Per a les comunicacions comercials realitzades a trav\u00e9s del correu electr\u00f2nic i mitjans equivalents en compliment del que es disposa en la Llei 34\/2002, d&#8217;11 de juliol, de Serveis de la Societat de la Informaci\u00f3 i de Comer\u00e7 Electr\u00f2nic, ser\u00e0 degudament recaptat el consentiment de l&#8217;Usuari en el moment d&#8217;arreplegar les dades corresponents.<\/p>\n\n<p>L&#8217;Usuari podr\u00e0 revocar en qualsevol moment el consentiment prestat a la recepci\u00f3 de les comunicacions personals amb la simple notificaci\u00f3 de la seua voluntat a TOT ANIMACI\u00d3, S.L. a la nostra adre\u00e7a de correu electr\u00f2nic: <a href=\"mailto:info@grupotot.com\">info@grupotot.com<\/a> <\/p>\n","protected":false},"excerpt":{"rendered":"<p>Pol\u00edtica de Protecci\u00f3 de Dades de Car\u00e0cter Personal El titular de la web i responsable del tractament, TOT ANIMACI\u00d3, S.L. amb domicili en Avinguda Rei Jaume I, 10, Catarroja (46470) Val\u00e8ncia, i CIF: B-97267637 \u00e9s el titular del Portal i el posa a la disposici\u00f3 dels usuaris d&#8217;Internet, amb la fi tanta de proporcionar informaci\u00f3 [&hellip;]<\/p>\n","protected":false},"author":5,"featured_media":0,"parent":0,"menu_order":0,"comment_status":"closed","ping_status":"closed","template":"","meta":{"ocean_post_layout":"","ocean_both_sidebars_style":"","ocean_both_sidebars_content_width":0,"ocean_both_sidebars_sidebars_width":0,"ocean_sidebar":"","ocean_second_sidebar":"","ocean_disable_margins":"enable","ocean_add_body_class":"","ocean_shortcode_before_top_bar":"","ocean_shortcode_after_top_bar":"","ocean_shortcode_before_header":"","ocean_shortcode_after_header":"","ocean_has_shortcode":"","ocean_shortcode_after_title":"","ocean_shortcode_before_footer_widgets":"","ocean_shortcode_after_footer_widgets":"","ocean_shortcode_before_footer_bottom":"","ocean_shortcode_after_footer_bottom":"","ocean_display_top_bar":"default","ocean_display_header":"default","ocean_header_style":"","ocean_center_header_left_menu":"","ocean_custom_header_template":"","ocean_custom_logo":0,"ocean_custom_retina_logo":0,"ocean_custom_logo_max_width":0,"ocean_custom_logo_tablet_max_width":0,"ocean_custom_logo_mobile_max_width":0,"ocean_custom_logo_max_height":0,"ocean_custom_logo_tablet_max_height":0,"ocean_custom_logo_mobile_max_height":0,"ocean_header_custom_menu":"","ocean_menu_typo_font_family":"","ocean_menu_typo_font_subset":"","ocean_menu_typo_font_size":0,"ocean_menu_typo_font_size_tablet":0,"ocean_menu_typo_font_size_mobile":0,"ocean_menu_typo_font_size_unit":"px","ocean_menu_typo_font_weight":"","ocean_menu_typo_font_weight_tablet":"","ocean_menu_typo_font_weight_mobile":"","ocean_menu_typo_transform":"","ocean_menu_typo_transform_tablet":"","ocean_menu_typo_transform_mobile":"","ocean_menu_typo_line_height":0,"ocean_menu_typo_line_height_tablet":0,"ocean_menu_typo_line_height_mobile":0,"ocean_menu_typo_line_height_unit":"","ocean_menu_typo_spacing":0,"ocean_menu_typo_spacing_tablet":0,"ocean_menu_typo_spacing_mobile":0,"ocean_menu_typo_spacing_unit":"","ocean_menu_link_color":"","ocean_menu_link_color_hover":"","ocean_menu_link_color_active":"","ocean_menu_link_background":"","ocean_menu_link_hover_background":"","ocean_menu_link_active_background":"","ocean_menu_social_links_bg":"","ocean_menu_social_hover_links_bg":"","ocean_menu_social_links_color":"","ocean_menu_social_hover_links_color":"","ocean_disable_title":"enable","ocean_disable_heading":"default","ocean_post_title":"","ocean_post_subheading":"","ocean_post_title_style":"","ocean_post_title_background_color":"","ocean_post_title_background":0,"ocean_post_title_bg_image_position":"","ocean_post_title_bg_image_attachment":"","ocean_post_title_bg_image_repeat":"","ocean_post_title_bg_image_size":"","ocean_post_title_height":0,"ocean_post_title_bg_overlay":0.5,"ocean_post_title_bg_overlay_color":"","ocean_disable_breadcrumbs":"default","ocean_breadcrumbs_color":"","ocean_breadcrumbs_separator_color":"","ocean_breadcrumbs_links_color":"","ocean_breadcrumbs_links_hover_color":"","ocean_display_footer_widgets":"default","ocean_display_footer_bottom":"default","ocean_custom_footer_template":"","footnotes":""},"class_list":["post-70112","page","type-page","status-publish","hentry","entry","owp-thumbs-layout-horizontal","owp-btn-normal","owp-tabs-layout-horizontal","has-no-thumbnails","has-product-nav"],"_links":{"self":[{"href":"https:\/\/www.grupotot.com\/val\/wp-json\/wp\/v2\/pages\/70112","targetHints":{"allow":["GET"]}}],"collection":[{"href":"https:\/\/www.grupotot.com\/val\/wp-json\/wp\/v2\/pages"}],"about":[{"href":"https:\/\/www.grupotot.com\/val\/wp-json\/wp\/v2\/types\/page"}],"author":[{"embeddable":true,"href":"https:\/\/www.grupotot.com\/val\/wp-json\/wp\/v2\/users\/5"}],"replies":[{"embeddable":true,"href":"https:\/\/www.grupotot.com\/val\/wp-json\/wp\/v2\/comments?post=70112"}],"version-history":[{"count":1,"href":"https:\/\/www.grupotot.com\/val\/wp-json\/wp\/v2\/pages\/70112\/revisions"}],"predecessor-version":[{"id":70113,"href":"https:\/\/www.grupotot.com\/val\/wp-json\/wp\/v2\/pages\/70112\/revisions\/70113"}],"wp:attachment":[{"href":"https:\/\/www.grupotot.com\/val\/wp-json\/wp\/v2\/media?parent=70112"}],"curies":[{"name":"wp","href":"https:\/\/api.w.org\/{rel}","templated":true}]}}