{"id":70114,"date":"2025-12-02T16:16:01","date_gmt":"2025-12-02T15:16:01","guid":{"rendered":"https:\/\/www.grupotot.com\/politica-de-cookies\/"},"modified":"2025-12-15T16:43:05","modified_gmt":"2025-12-15T15:43:05","slug":"politica-de-cookies","status":"publish","type":"page","link":"https:\/\/www.grupotot.com\/val\/politica-de-cookies\/","title":{"rendered":"POL\u00cdTICA DE COOKIES"},"content":{"rendered":"\n<p>La seua utilitat \u00e9s que la web siga capa\u00e7 de recordar la seua visita quan torne a navegar per eixa p\u00e0gina. La seua utilitat \u00e9s que la web siga capa\u00e7 de recordar la seua visita quan torne a navegar per eixa p\u00e0gina. Les cookies solen emmagatzemar informaci\u00f3 de car\u00e0cter t\u00e8cnic, prefer\u00e8ncies personals, personalitzaci\u00f3 de continguts, estad\u00edstiques d&#8217;\u00fas, enlla\u00e7os a xarxes socials, acc\u00e9s a comptes d&#8217;usuari, etc. L&#8217;objectiu de la cookie \u00e9s adaptar el contingut de la web al seu perfil i necessitats, sense cookies els serveis oferits per qualsevol p\u00e0gina es veurien minvats notablement. <\/p>\n\n<p><strong>M\u00c9S INFORMACI\u00d3 SOBRE LES COOKIES<\/strong><\/p>\n\n<p>Qu\u00e8 \u00e9s una cookie?<\/p>\n\n<p>Una cookie \u00e9s un fitxer de text inofensiu que s&#8217;emmagatzema en el seu navegador quan visita quasi qualsevol p\u00e0gina web. La utilitat de la cookie \u00e9s que la web siga capa\u00e7 de recordar la seua visita quan torne a navegar per eixa p\u00e0gina. Encara que molta gent no ho sap les cookies es porten utilitzant des de fa 20 anys, quan van apar\u00e9ixer els primers navegadors per a la World Wide Web.<br\/><\/p>\n\n<p>Qu\u00e8 no \u00e9s una cookie?<\/p>\n\n<p>No \u00e9s un virus, ni un troi\u00e0, ni un cuc, ni spam, ni spyware, ni obri finestres pop-up.<br\/><\/p>\n\n<p>Quina informaci\u00f3 emmagatzema una cookie?<br\/><\/p>\n\n<p>Les cookies no solen emmagatzemar informaci\u00f3 sensible sobre vost\u00e9, com a targetes de cr\u00e8dit o dades banc\u00e0ries, fotografies, el seu DNI o informaci\u00f3 personal, etc. Les dades que guarden s\u00f3n de car\u00e0cter t\u00e8cnic, prefer\u00e8ncies personals, personalitzaci\u00f3 de continguts, etc.<br\/><\/p>\n\n<p>El servidor web no li associa a vost\u00e9 com a persona si no al seu navegador web. De fet, si vost\u00e9 navega habitualment amb Internet Explorer i prova de navegar per la mateixa web amb Firefox o Chrome veur\u00e0 que la web no s&#8217;adona que \u00e9s vost\u00e9 la mateixa persona perqu\u00e8 en realitat est\u00e0 associant al navegador, no a la persona.<\/p>\n\n<p>Quin tipus de cookies existeixen?<\/p>\n\n<ul class=\"wp-block-list\">\n<li>Cookies t\u00e8cniques: S\u00f3n les m\u00e9s elementals i permeten, entre altres coses, saber quan est\u00e0 navegant un hum\u00e0 o una aplicaci\u00f3 automatitzada, quan navega un usuari an\u00f2nim i un registrat, tasques b\u00e0siques per al funcionament de qualsevol web din\u00e0mica.<\/li>\n\n\n\n<li>Cookies d&#8217;an\u00e0lisis: Arrepleguen informaci\u00f3 sobre el tipus de navegaci\u00f3 que est\u00e0 realitzant, les seccions que m\u00e9s utilitza, productes consultats, franja hor\u00e0ria d&#8217;\u00fas, idioma, etc.<\/li>\n\n\n\n<li>Cookies publicit\u00e0ries: Mostren publicitat en funci\u00f3 de la seua navegaci\u00f3, el seu pa\u00eds de proced\u00e8ncia, idioma, etc.<\/li>\n<\/ul>\n\n<p>Qu\u00e8 s\u00f3n les cookies pr\u00f2pies i les de tercers?<\/p>\n\n<p>Les cookies pr\u00f2pies s\u00f3n les generades per la p\u00e0gina que est\u00e0 visitant i les de tercers s\u00f3n les generades per serveis o prove\u00efdors externs com Facebook, Twitter, Google, etc.<\/p>\n\n<p>Qu\u00e8 ocorre si desactive les cookies?<\/p>\n\n<p>Perqu\u00e8 entenga l&#8217;abast que pot tindre desactivar les cookies li vam mostrar uns exemples:<\/p>\n\n<ul class=\"wp-block-list\">\n<li>No podr\u00e0 compartir continguts d&#8217;eixa web en Facebook, Twitter o qualsevol altra xarxa social.<\/li>\n\n\n\n<li>El lloc web no podr\u00e0 adaptar els continguts a les seues prefer\u00e8ncies personals, com sol oc\u00f3rrer a les botigues en l\u00ednia.<\/li>\n\n\n\n<li>No podr\u00e0 accedir a l&#8217;\u00e0rea personal d&#8217;eixa web, com per exemple El meu compte, o El meu perfil o Les meues comandes.<\/li>\n\n\n\n<li>Botigues en l\u00ednia: Li ser\u00e0 impossible realitzar compres en l\u00ednia, hauran de ser telef\u00f2niques o visitant la botiga f\u00edsica si \u00e9s que disposa d&#8217;ella.<\/li>\n\n\n\n<li>No ser\u00e0 possible personalitzar les seues prefer\u00e8ncies geogr\u00e0fiques com a franja hor\u00e0ria, divisa o idioma.<\/li>\n\n\n\n<li>El lloc web no podr\u00e0 realitzar anal\u00edtiques web sobre visitants i tr\u00e0nsit en la web, la qual cosa dificultar\u00e0 que la web siga competitiva.<\/li>\n\n\n\n<li>No podr\u00e0 escriure en el blog, no podr\u00e0 pujar fotos, publicar comentaris, valorar o puntuar continguts. La web tampoc podr\u00e0 saber si vost\u00e9 \u00e9s un hum\u00e0 o una aplicaci\u00f3 automatitzada que publica spam.<\/li>\n\n\n\n<li>No es podr\u00e0 mostrar publicitat sectoritzada, la qual cosa reduir\u00e0 els ingressos publicitaris de la web.<\/li>\n\n\n\n<li>Totes les xarxes socials usen cookies, si les desactiva no podr\u00e0 utilitzar cap xarxa social.<br\/><\/li>\n<\/ul>\n\n<p>Es poden eliminar i\/o bloquejar les cookies?<\/p>\n\n<p>S\u00ed, es poden eliminar i bloquejar les cookies. A continuaci\u00f3, facilitem enlla\u00e7os a les configuracions dels navegadors m\u00e9s utilitzats perqu\u00e8 puga procedir segons les seues prefer\u00e8ncies:<\/p>\n\n<p>Google Chrome: <a href=\"https:\/\/support.google.com\/chrome\/answer\/95647?hl=es-419\">https:\/\/support.google.com\/chrome\/answer\/95647?hl=es-419<\/a> <\/p>\n\n<p>Mozilla Firefox: <a href=\"https:\/\/support.mozilla.org\/es\/kb\/proteccion-de-rastreo-mejorada-en-firefox-para-esc\">https:\/\/support.mozilla.org\/es\/kb\/proteccion-de-rastreo-mejorada-en-firefox-para-esc<\/a> <\/p>\n\n<p>Safari: <a href=\"https:\/\/support.apple.com\/es-es\/HT201265\">https:\/\/support.apple.com\/es-es\/HT201265<\/a> <\/p>\n\n<p>Microsoft Edge: <a href=\"https:\/\/support.microsoft.com\/es-es\/microsoft-edge\/eliminar-las-cookies-en-microsoft-edge-63947406-40ac-c3b8-57b9-2a946a29ae09\">https:\/\/support.microsoft.com\/es-es\/microsoft-edge\/eliminar-las-cookies-en-microsoft-edge-63947406-40ac-c3b8-57b9-2a946a29ae09<\/a> <\/p>\n\n<p>Internet Explorer: <a href=\"https:\/\/support.microsoft.com\/es-es\/topic\/eliminar-y-administrar-cookies-168dab11-0753-043d-7c16-ede5947fc64d\">https:\/\/support.microsoft.com\/es-es\/topic\/eliminar-y-administrar-cookies-168dab11-0753-043d-7c16-ede5947fc64d<\/a>  <\/p>\n\n<p>Cookies utilitzades en aquest lloc web<\/p>\n\n<p>Seguint les directrius de l&#8217;Ag\u00e8ncia Espanyola de Protecci\u00f3 de Dades procedim a detallar l&#8217;\u00fas de cookies que fa aquesta web amb la finalitat d&#8217;informar-lo amb la m\u00e0xima exactitud possible.<\/p>\n\n<p>Aquest lloc web utilitza les seg\u00fcents cookies de tercers:<\/p>\n\n<ul class=\"wp-block-list\">\n<li>Google Analytics: Emmagatzema cookies per a poder elaborar estad\u00edstiques sobre el tr\u00e0nsit i volum de visites d&#8217;aquesta web, aix\u00ed com de l&#8217;idioma utilitzat. En utilitzar aquest lloc web est\u00e0 consentint el tractament d&#8217;informaci\u00f3 sobre vost\u00e9 per Google. Per tant, l&#8217;exercici de qualsevol dret en aquest sentit haur\u00e0 de fer-lo comunicant directament amb Google. (P.e.: -APISID, CONSENT, HSID, NID, SID, _ga, _gat)<\/li>\n\n\n\n<li>Cookies de xarxes socials: Els possibles \u201c*Plugins socials\u201d no estan integrats en el nostre portal, sin\u00f3 nom\u00e9s a trav\u00e9s d&#8217;un vincle HTML (anomenat &#8220;complement shariff&#8221;). Amb aix\u00f2 es garanteix que no es crear\u00e0 una connexi\u00f3 al servei del prove\u00efdor de xarxes socials solo per usar el nostre lloc web. En fer clic en el bot\u00f3 d&#8217;una xarxa social de la nostra web, s&#8217;obrir\u00e0 una nova finestra i un acc\u00e9s a la p\u00e0gina del prove\u00efdor de serveis. Per als drets i opcions de configuraci\u00f3 relacionats amb protegir la seua privacitat, consulte les pol\u00edtiques de privacitat de dades dels prove\u00efdors.<\/li>\n\n\n\n<li>Desactivaci\u00f3 o eliminaci\u00f3 de cookies<\/li>\n<\/ul>\n\n<p>Aquest lloc web posa a la disposici\u00f3 dels usuaris un formulari de f\u00e0cil acc\u00e9s per a poder activar o desactivar les cookies utilitzades per nosaltres segons les prefer\u00e8ncies personals de l&#8217;usuari en qualsevol moment.<\/p>\n\n<p>D&#8217;altra banda, respecte als complements d&#8217;entitats externes (com per exemple els serveis de Google Inc.) utilitzats en el nostre portal web recomanem a tots els usuaris que accedisquen a les pol\u00edtiques de privacitat de cada prove\u00efdor dels serveis perqu\u00e8 obtinga major informaci\u00f3:<br\/><\/p>\n\n<p><em>&#8211; <\/em><a href=\"http:\/\/www.google.es\/intl\/es\/policies\/privacy\/\"><em>http:\/\/www.google.es\/intl\/es\/policies\/privacy\/<\/em><\/a><em> <\/em><\/p>\n\n<p>Notes addicionals<\/p>\n\n<ul class=\"wp-block-list\">\n<li>Ni aquesta web ni els seus representants legals es fan responsables ni del contingut ni de la veracitat de les pol\u00edtiques de privacitat que puguen tindre els tercers esmentats en aquesta pol\u00edtica de cookies.<\/li>\n\n\n\n<li>Els navegadors web s\u00f3n les eines encarregades d&#8217;emmagatzemar les cookies i des d&#8217;aquest lloc ha d&#8217;efectuar el seu dret a eliminaci\u00f3 o desactivaci\u00f3 d&#8217;aquestes. Ni aquesta web ni els seus representants legals poden garantir la correcta o incorrecta manipulaci\u00f3 de les cookies per part dels esmentats navegadors.<\/li>\n\n\n\n<li>En alguns casos \u00e9s necessari instal\u00b7lar cookies perqu\u00e8 el navegador no oblide la seua decisi\u00f3 de no acceptaci\u00f3 d&#8217;aquestes.<\/li>\n\n\n\n<li>En el cas de les cookies de Google Analytics, aquesta empresa emmagatzema les cookies en servidors situats als Estats Units i es compromet a no compartir-la amb tercers, excepte en els casos en els quals siga necessari per al funcionament del sistema o quan la llei obligue a aquest efecte. Segons Google no guarda la seua adre\u00e7a IP. Google Inc. \u00e9s una companyia adherida a l&#8217;Acord de Port Segur que garanteix que totes les dades transferides seran tractats amb un nivell de protecci\u00f3 concorde a la normativa europea.<br\/><\/li>\n\n\n\n<li>Per a qualsevol dubte o consulta sobre aquesta pol\u00edtica de cookies no dubte a comunicar-se amb nosaltres a trav\u00e9s de la secci\u00f3 de contacte.<\/li>\n<\/ul>\n","protected":false},"excerpt":{"rendered":"<p>La seua utilitat \u00e9s que la web siga capa\u00e7 de recordar la seua visita quan torne a navegar per eixa p\u00e0gina. La seua utilitat \u00e9s que la web siga capa\u00e7 de recordar la seua visita quan torne a navegar per eixa p\u00e0gina. Les cookies solen emmagatzemar informaci\u00f3 de car\u00e0cter t\u00e8cnic, prefer\u00e8ncies personals, personalitzaci\u00f3 de continguts, [&hellip;]<\/p>\n","protected":false},"author":8,"featured_media":0,"parent":0,"menu_order":0,"comment_status":"closed","ping_status":"closed","template":"","meta":{"ocean_post_layout":"","ocean_both_sidebars_style":"","ocean_both_sidebars_content_width":0,"ocean_both_sidebars_sidebars_width":0,"ocean_sidebar":"","ocean_second_sidebar":"","ocean_disable_margins":"enable","ocean_add_body_class":"","ocean_shortcode_before_top_bar":"","ocean_shortcode_after_top_bar":"","ocean_shortcode_before_header":"","ocean_shortcode_after_header":"","ocean_has_shortcode":"","ocean_shortcode_after_title":"","ocean_shortcode_before_footer_widgets":"","ocean_shortcode_after_footer_widgets":"","ocean_shortcode_before_footer_bottom":"","ocean_shortcode_after_footer_bottom":"","ocean_display_top_bar":"default","ocean_display_header":"default","ocean_header_style":"","ocean_center_header_left_menu":"","ocean_custom_header_template":"","ocean_custom_logo":0,"ocean_custom_retina_logo":0,"ocean_custom_logo_max_width":0,"ocean_custom_logo_tablet_max_width":0,"ocean_custom_logo_mobile_max_width":0,"ocean_custom_logo_max_height":0,"ocean_custom_logo_tablet_max_height":0,"ocean_custom_logo_mobile_max_height":0,"ocean_header_custom_menu":"","ocean_menu_typo_font_family":"","ocean_menu_typo_font_subset":"","ocean_menu_typo_font_size":0,"ocean_menu_typo_font_size_tablet":0,"ocean_menu_typo_font_size_mobile":0,"ocean_menu_typo_font_size_unit":"px","ocean_menu_typo_font_weight":"","ocean_menu_typo_font_weight_tablet":"","ocean_menu_typo_font_weight_mobile":"","ocean_menu_typo_transform":"","ocean_menu_typo_transform_tablet":"","ocean_menu_typo_transform_mobile":"","ocean_menu_typo_line_height":0,"ocean_menu_typo_line_height_tablet":0,"ocean_menu_typo_line_height_mobile":0,"ocean_menu_typo_line_height_unit":"","ocean_menu_typo_spacing":0,"ocean_menu_typo_spacing_tablet":0,"ocean_menu_typo_spacing_mobile":0,"ocean_menu_typo_spacing_unit":"","ocean_menu_link_color":"","ocean_menu_link_color_hover":"","ocean_menu_link_color_active":"","ocean_menu_link_background":"","ocean_menu_link_hover_background":"","ocean_menu_link_active_background":"","ocean_menu_social_links_bg":"","ocean_menu_social_hover_links_bg":"","ocean_menu_social_links_color":"","ocean_menu_social_hover_links_color":"","ocean_disable_title":"enable","ocean_disable_heading":"default","ocean_post_title":"","ocean_post_subheading":"","ocean_post_title_style":"","ocean_post_title_background_color":"","ocean_post_title_background":0,"ocean_post_title_bg_image_position":"","ocean_post_title_bg_image_attachment":"","ocean_post_title_bg_image_repeat":"","ocean_post_title_bg_image_size":"","ocean_post_title_height":0,"ocean_post_title_bg_overlay":0.5,"ocean_post_title_bg_overlay_color":"","ocean_disable_breadcrumbs":"default","ocean_breadcrumbs_color":"","ocean_breadcrumbs_separator_color":"","ocean_breadcrumbs_links_color":"","ocean_breadcrumbs_links_hover_color":"","ocean_display_footer_widgets":"default","ocean_display_footer_bottom":"default","ocean_custom_footer_template":"","footnotes":""},"class_list":["post-70114","page","type-page","status-publish","hentry","entry","owp-thumbs-layout-horizontal","owp-btn-normal","owp-tabs-layout-horizontal","has-no-thumbnails","has-product-nav"],"_links":{"self":[{"href":"https:\/\/www.grupotot.com\/val\/wp-json\/wp\/v2\/pages\/70114","targetHints":{"allow":["GET"]}}],"collection":[{"href":"https:\/\/www.grupotot.com\/val\/wp-json\/wp\/v2\/pages"}],"about":[{"href":"https:\/\/www.grupotot.com\/val\/wp-json\/wp\/v2\/types\/page"}],"author":[{"embeddable":true,"href":"https:\/\/www.grupotot.com\/val\/wp-json\/wp\/v2\/users\/8"}],"replies":[{"embeddable":true,"href":"https:\/\/www.grupotot.com\/val\/wp-json\/wp\/v2\/comments?post=70114"}],"version-history":[{"count":1,"href":"https:\/\/www.grupotot.com\/val\/wp-json\/wp\/v2\/pages\/70114\/revisions"}],"predecessor-version":[{"id":70115,"href":"https:\/\/www.grupotot.com\/val\/wp-json\/wp\/v2\/pages\/70114\/revisions\/70115"}],"wp:attachment":[{"href":"https:\/\/www.grupotot.com\/val\/wp-json\/wp\/v2\/media?parent=70114"}],"curies":[{"name":"wp","href":"https:\/\/api.w.org\/{rel}","templated":true}]}}